{"id":14824,"date":"2025-12-04T10:49:12","date_gmt":"2025-12-04T15:49:12","guid":{"rendered":"https:\/\/radiosthubert.com\/product\/14824\/"},"modified":"2025-12-12T13:20:05","modified_gmt":"2025-12-12T18:20:05","slug":"14824","status":"publish","type":"product","link":"https:\/\/radiosthubert.com\/en\/product\/14824\/","title":{"rendered":"SANGEAN PR-DR18"},"content":{"rendered":"<p>Radio num\u00e9rique st\u00e9r\u00e9o AM\/FM<\/p>\n<p>La PR-D18 se d\u00e9cline en plusieurs couleurs pour s&#8217;adapter \u00e0 vos go\u00fbts et \u00e0 votre personnalit\u00e9. Ultra-compacte, elle mesure seulement 16,6 cm de long, 10,8 cm de hauteur et p\u00e8se 354 g !<\/p>\n<p>\u00c9coutez vos stations pr\u00e9f\u00e9r\u00e9es o\u00f9 que vous soyez gr\u00e2ce \u00e0 la prise casque int\u00e9gr\u00e9e qui coupe le haut-parleur lorsque vous utilisez un casque. Parfait pour \u00e9couter la radio le soir, suivre un match ou sous votre tente en camping.<\/p>\n<p>Syntoniseur AM<\/p>\n<p>Syntoniseur FM<br \/>\nStations pr\u00e9d\u00e9finies<\/p>\n","protected":false},"excerpt":{"rendered":"<p>Radio num\u00e9rique st\u00e9r\u00e9o AM\/FM La PR-D18 se d\u00e9cline en plusieurs couleurs pour s&#8217;adapter \u00e0 vos go\u00fbts et \u00e0 votre personnalit\u00e9. Ultra-compacte, elle mesure seulement 16,6 cm de long, 10,8 cm de hauteur et p\u00e8se 354 g ! \u00c9coutez vos stations pr\u00e9f\u00e9r\u00e9es o\u00f9 que vous soyez gr\u00e2ce \u00e0 la prise casque int\u00e9gr\u00e9e qui coupe le haut-parleur [&hellip;]<\/p>\n","protected":false},"featured_media":14816,"template":"","meta":{"inline_featured_image":false,"_jet_sm_ready_style":"","_jet_sm_style":"","_jet_sm_controls_values":"","_jet_sm_fonts_collection":"","_jet_sm_fonts_links":""},"product_cat":[234],"product_tag":[],"collections":[],"acf":[],"_links":{"self":[{"href":"https:\/\/radiosthubert.com\/en\/wp-json\/wp\/v2\/product\/14824"}],"collection":[{"href":"https:\/\/radiosthubert.com\/en\/wp-json\/wp\/v2\/product"}],"about":[{"href":"https:\/\/radiosthubert.com\/en\/wp-json\/wp\/v2\/types\/product"}],"version-history":[{"count":2,"href":"https:\/\/radiosthubert.com\/en\/wp-json\/wp\/v2\/product\/14824\/revisions"}],"predecessor-version":[{"id":14868,"href":"https:\/\/radiosthubert.com\/en\/wp-json\/wp\/v2\/product\/14824\/revisions\/14868"}],"wp:featuredmedia":[{"embeddable":true,"href":"https:\/\/radiosthubert.com\/en\/wp-json\/wp\/v2\/media\/14816"}],"wp:attachment":[{"href":"https:\/\/radiosthubert.com\/en\/wp-json\/wp\/v2\/media?parent=14824"}],"wp:term":[{"taxonomy":"product_cat","embeddable":true,"href":"https:\/\/radiosthubert.com\/en\/wp-json\/wp\/v2\/product_cat?post=14824"},{"taxonomy":"product_tag","embeddable":true,"href":"https:\/\/radiosthubert.com\/en\/wp-json\/wp\/v2\/product_tag?post=14824"},{"taxonomy":"collections","embeddable":true,"href":"https:\/\/radiosthubert.com\/en\/wp-json\/wp\/v2\/collections?post=14824"}],"curies":[{"name":"wp","href":"https:\/\/api.w.org\/{rel}","templated":true}]}}