{"id":13704,"date":"2025-03-29T13:36:22","date_gmt":"2025-03-29T17:36:22","guid":{"rendered":"https:\/\/radiosthubert.com\/product\/13704\/"},"modified":"2025-03-29T13:39:15","modified_gmt":"2025-03-29T17:39:15","slug":"13704","status":"publish","type":"product","link":"https:\/\/radiosthubert.com\/en\/product\/13704\/","title":{"rendered":"ROTEL T11"},"content":{"rendered":"<p>Rotel\u2019s T11 is a high quality FM\/DAB+ tuner with up to 30 station presets. It provides a wealth of free music listening options.<\/p>\n<div><strong>Dimensions (W \u00d7 H \u00d7 D)<\/strong><\/div>\n<div>430 \u00d7 73 \u00d7 330mm<br \/>\n17&#8243; \u00d7 2.9&#8243; \u00d7 13&#8243;<\/div>\n<div><\/div>\n<div><strong>Front Panel Height<\/strong><\/div>\n<div>60mm (2.36&#8243;)<\/div>\n<div><\/div>\n<div><strong>Power Requirements<\/strong><\/div>\n<div>120V, 60Hz<\/div>\n<div><\/div>\n<div><strong>Power Consumption<\/strong><\/div>\n<div>10W<\/div>\n<div><\/div>\n<div><strong>Standby Power Consumption<\/strong><\/div>\n<div>&lt;0.5W<\/div>\n<div><\/div>\n<div><strong>Net Weight<\/strong><\/div>\n<div>4.3kg (9lbs.)<\/div>\n<div><\/div>\n<div><strong>BTU Rating<\/strong><\/div>\n<div>17 BTU\/h<\/div>\n<div>\n<div><strong>DAB Sensitivity<\/strong><\/div>\n<div>-80dBm<\/div>\n<div><\/div>\n<div><strong>DAB\u00a0Tuning Range<br \/>\n<\/strong><\/div>\n<div>Band III (174-240MHz)<\/div>\n<div><\/div>\n<div><strong>DAB\u00a0Audio Date Rate<\/strong><strong><br \/>\n<\/strong><\/div>\n<div>224Kbps Max<\/div>\n<div><\/div>\n<div><strong>DAB\u00a0Frequency Response<\/strong><strong><br \/>\n<\/strong><\/div>\n<div>20Hz &#8211; 20kHz \u00b11dB<\/div>\n<div><\/div>\n<div><strong>DAB\u00a0Analog Output<\/strong><\/div>\n<div>2.1V at 0dBfs<\/div>\n<div><\/div>\n<div><strong>DAB\u00a0Antenna Input<br \/>\n<\/strong><\/div>\n<div>75\u03a9 F Connector<\/div>\n<\/div>\n<p>&nbsp;<\/p>\n","protected":false},"excerpt":{"rendered":"<p>Rotel\u2019s T11 is a high quality FM\/DAB+ tuner with up to 30 station presets. It provides a wealth of free music listening options. Dimensions (W \u00d7 H \u00d7 D) 430 \u00d7 73 \u00d7 330mm 17&#8243; \u00d7 2.9&#8243; \u00d7 13&#8243; Front Panel Height 60mm (2.36&#8243;) Power Requirements 120V, 60Hz Power Consumption 10W Standby Power Consumption &lt;0.5W [&hellip;]<\/p>\n","protected":false},"featured_media":13696,"template":"","meta":{"inline_featured_image":false,"_jet_sm_ready_style":"","_jet_sm_style":"","_jet_sm_controls_values":"","_jet_sm_fonts_collection":"","_jet_sm_fonts_links":""},"product_cat":[214],"product_tag":[],"collections":[],"acf":[],"_links":{"self":[{"href":"https:\/\/radiosthubert.com\/en\/wp-json\/wp\/v2\/product\/13704"}],"collection":[{"href":"https:\/\/radiosthubert.com\/en\/wp-json\/wp\/v2\/product"}],"about":[{"href":"https:\/\/radiosthubert.com\/en\/wp-json\/wp\/v2\/types\/product"}],"version-history":[{"count":1,"href":"https:\/\/radiosthubert.com\/en\/wp-json\/wp\/v2\/product\/13704\/revisions"}],"predecessor-version":[{"id":13705,"href":"https:\/\/radiosthubert.com\/en\/wp-json\/wp\/v2\/product\/13704\/revisions\/13705"}],"wp:featuredmedia":[{"embeddable":true,"href":"https:\/\/radiosthubert.com\/en\/wp-json\/wp\/v2\/media\/13696"}],"wp:attachment":[{"href":"https:\/\/radiosthubert.com\/en\/wp-json\/wp\/v2\/media?parent=13704"}],"wp:term":[{"taxonomy":"product_cat","embeddable":true,"href":"https:\/\/radiosthubert.com\/en\/wp-json\/wp\/v2\/product_cat?post=13704"},{"taxonomy":"product_tag","embeddable":true,"href":"https:\/\/radiosthubert.com\/en\/wp-json\/wp\/v2\/product_tag?post=13704"},{"taxonomy":"collections","embeddable":true,"href":"https:\/\/radiosthubert.com\/en\/wp-json\/wp\/v2\/collections?post=13704"}],"curies":[{"name":"wp","href":"https:\/\/api.w.org\/{rel}","templated":true}]}}