{"id":13665,"date":"2025-03-29T13:16:18","date_gmt":"2025-03-29T17:16:18","guid":{"rendered":"https:\/\/radiosthubert.com\/?post_type=product&#038;p=13665"},"modified":"2025-03-29T13:16:18","modified_gmt":"2025-03-29T17:16:18","slug":"rotel-rb1552-mkii","status":"publish","type":"product","link":"https:\/\/radiosthubert.com\/en\/product\/rotel-rb1552-mkii\/","title":{"rendered":"ROTEL RB1552 MKII"},"content":{"rendered":"<p>RB-1552 MkII is built upon the same platform as the RB-1582 MkII with only a slightly smaller power output capability at 2 x 130 Watts.<\/p>\n<p>&nbsp;<\/p>\n<div><strong>Dimensions<\/strong>\u00a0(W \u00d7 H \u00d7 D)<\/div>\n<div>431 \u00d7 144 \u00d7 339 mm<br \/>\n17&#8243; \u00d7 5.7&#8243; \u00d7 13.4&#8243;<\/div>\n<div><\/div>\n<div><strong>Front Panel Height<\/strong><\/div>\n<div>3U \/ 132.6 mm (5.25&#8243;)<\/div>\n<div><\/div>\n<div><strong>Power Requirements<\/strong><\/div>\n<div>120 V, 60 Hz<\/div>\n<div><\/div>\n<div><strong>Power Consumption<\/strong><\/div>\n<div>400 W<\/div>\n<div><\/div>\n<div><strong>Standby Power Consumption<\/strong><\/div>\n<div>0.5 W<\/div>\n<div><\/div>\n<div><strong>Net Weight<\/strong><\/div>\n<div>12.4 kg (27 lbs.)<\/div>\n<div><\/div>\n<div><strong>BTU Rating<\/strong>\u00a0(4 \u03a9, 1\/8th power)<\/div>\n<div>905 BTU\/h<\/div>\n<div><\/div>\n<div>\n<div><strong>Power Output<\/strong><\/div>\n<div>130 W\/Ch (8 \u03a9)<\/div>\n<div>185 W\/Ch (4 \u03a9)<\/div>\n<div><\/div>\n<div><strong>Total Harmonic Distortion (THD)<\/strong><\/div>\n<div>(20 Hz \u2013 20k Hz) &lt; 0.03%<\/div>\n<div><\/div>\n<div><strong>Frequency Response<\/strong><\/div>\n<div>10 Hz &#8211; 100k Hz, \u00b1 0.5 dB<\/div>\n<div><\/div>\n<div><strong>S\/N Ratio<\/strong>\u00a0(IHF &#8220;A&#8221; Weighted)<strong><br \/>\n<\/strong><\/div>\n<div>120 dB<\/div>\n<div><\/div>\n<div><strong>Gain<\/strong><\/div>\n<div>RCA: 26.5 dB<\/div>\n<div>XLR: 22.5 dB<\/div>\n<\/div>\n","protected":false},"excerpt":{"rendered":"<p>RB-1552 MkII is built upon the same platform as the RB-1582 MkII with only a slightly smaller power output capability at 2 x 130 Watts. &nbsp; Dimensions\u00a0(W \u00d7 H \u00d7 D) 431 \u00d7 144 \u00d7 339 mm 17&#8243; \u00d7 5.7&#8243; \u00d7 13.4&#8243; Front Panel Height 3U \/ 132.6 mm (5.25&#8243;) Power Requirements 120 V, 60 [&hellip;]<\/p>\n","protected":false},"featured_media":13672,"template":"","meta":{"inline_featured_image":false,"_jet_sm_ready_style":"","_jet_sm_style":"","_jet_sm_controls_values":"","_jet_sm_fonts_collection":"","_jet_sm_fonts_links":""},"product_cat":[214],"product_tag":[],"collections":[],"acf":[],"_links":{"self":[{"href":"https:\/\/radiosthubert.com\/en\/wp-json\/wp\/v2\/product\/13665"}],"collection":[{"href":"https:\/\/radiosthubert.com\/en\/wp-json\/wp\/v2\/product"}],"about":[{"href":"https:\/\/radiosthubert.com\/en\/wp-json\/wp\/v2\/types\/product"}],"version-history":[{"count":1,"href":"https:\/\/radiosthubert.com\/en\/wp-json\/wp\/v2\/product\/13665\/revisions"}],"predecessor-version":[{"id":13675,"href":"https:\/\/radiosthubert.com\/en\/wp-json\/wp\/v2\/product\/13665\/revisions\/13675"}],"wp:featuredmedia":[{"embeddable":true,"href":"https:\/\/radiosthubert.com\/en\/wp-json\/wp\/v2\/media\/13672"}],"wp:attachment":[{"href":"https:\/\/radiosthubert.com\/en\/wp-json\/wp\/v2\/media?parent=13665"}],"wp:term":[{"taxonomy":"product_cat","embeddable":true,"href":"https:\/\/radiosthubert.com\/en\/wp-json\/wp\/v2\/product_cat?post=13665"},{"taxonomy":"product_tag","embeddable":true,"href":"https:\/\/radiosthubert.com\/en\/wp-json\/wp\/v2\/product_tag?post=13665"},{"taxonomy":"collections","embeddable":true,"href":"https:\/\/radiosthubert.com\/en\/wp-json\/wp\/v2\/collections?post=13665"}],"curies":[{"name":"wp","href":"https:\/\/api.w.org\/{rel}","templated":true}]}}