{"id":13620,"date":"2025-03-28T13:03:59","date_gmt":"2025-03-28T17:03:59","guid":{"rendered":"https:\/\/radiosthubert.com\/?post_type=product&#038;p=13620"},"modified":"2026-02-28T13:43:01","modified_gmt":"2026-02-28T18:43:01","slug":"rotel-a14mkii","status":"publish","type":"product","link":"https:\/\/radiosthubert.com\/en\/product\/rotel-a14mkii\/","title":{"rendered":"ROTEL A14MKII"},"content":{"rendered":"<p>The A14 MKII Integrated Amplifier delivers 80 Watts per channel of Class AB\u00a0amplification from your favorite sources including analog, digital, PC-USB with MQA,\u00a0wireless aptX<sup>TM<\/sup>\u00a0and AAC Bluetooth and Moving Magnet Phono stage. Critically tuned\u00a0power supply, DAC and amplifier circuits ensure the A14MKII will deliver countless\u00a0hours of entertainment.<\/p>\n<div><strong>Dimensions (W \u00d7 H \u00d7 D)<\/strong><\/div>\n<div>430 \u00d7 93 \u00d7 345mm<br \/>\n17&#8243; \u00d7 3.6&#8243; \u00d7 13.5&#8243;<\/div>\n<div><\/div>\n<div><strong>Front Panel Height<\/strong><\/div>\n<div>80mm (3.15&#8243;)<\/div>\n<div><\/div>\n<div><strong>Power Requirements<\/strong><\/div>\n<div>120V, 60Hz<\/div>\n<div><\/div>\n<div><strong>Power Consumption<\/strong><\/div>\n<div>280W<\/div>\n<div><\/div>\n<div><strong>Standby Power Consumption<\/strong><\/div>\n<div>&lt;0.5W<\/div>\n<div><\/div>\n<div><strong>Net Weight<\/strong><\/div>\n<div>8.94kg (19.71lbs.)<\/div>\n<div><\/div>\n<div><strong>BTU Rating<\/strong>\u00a0(4\u03a9, 1\/8th power)<\/div>\n<div>632 BTU\/h<\/div>\n<div>\n<div><\/div>\n<div><strong>Maximum\u00a0Power Output<\/strong><\/div>\n<div>150W\/Ch (4\u03a9)<\/div>\n<div><\/div>\n<div><strong>Continuous Power Output<\/strong><\/div>\n<div>80W\/Ch (8\u03a9)<\/div>\n<div><\/div>\n<div><strong>Total Harmonic Distortion<\/strong><\/div>\n<div><strong>(THD)<\/strong><\/div>\n<div>&lt;0.018%<\/div>\n<div><\/div>\n<div><strong>Frequency Response<\/strong><\/div>\n<div>Line Level Inputs:<\/div>\n<div>10Hz &#8211; 100kHz, 0\u00b10.5dB<\/div>\n<div>Digital Inputs:<\/div>\n<div>10Hz &#8211; 90kHz, 0\u00b12.0dB, Max<\/div>\n<div>Phono Input:<\/div>\n<div>20Hz &#8211; 20kHz, 0\u00b10.5dB<\/div>\n<div><\/div>\n<div><strong>S\/N Ratio<\/strong>\u00a0(IHF &#8220;A&#8221; Weighted)<strong><br \/>\n<\/strong><\/div>\n<div>Line Level Inputs: 100dB<\/div>\n<div>Digital Inputs: 103dB<\/div>\n<div>Phono Input: 90dB<\/div>\n<\/div>\n<div><\/div>\n","protected":false},"excerpt":{"rendered":"<p>The A14 MKII Integrated Amplifier delivers 80 Watts per channel of Class AB\u00a0amplification from your favorite sources including analog, digital, PC-USB with MQA,\u00a0wireless aptXTM\u00a0and AAC Bluetooth and Moving Magnet Phono stage. Critically tuned\u00a0power supply, DAC and amplifier circuits ensure the A14MKII will deliver countless\u00a0hours of entertainment. Dimensions (W \u00d7 H \u00d7 D) 430 \u00d7 93 [&hellip;]<\/p>\n","protected":false},"featured_media":13621,"template":"","meta":{"inline_featured_image":false,"_jet_sm_ready_style":"","_jet_sm_style":"","_jet_sm_controls_values":"","_jet_sm_fonts_collection":"","_jet_sm_fonts_links":""},"product_cat":[214],"product_tag":[],"collections":[],"acf":[],"_links":{"self":[{"href":"https:\/\/radiosthubert.com\/en\/wp-json\/wp\/v2\/product\/13620"}],"collection":[{"href":"https:\/\/radiosthubert.com\/en\/wp-json\/wp\/v2\/product"}],"about":[{"href":"https:\/\/radiosthubert.com\/en\/wp-json\/wp\/v2\/types\/product"}],"version-history":[{"count":1,"href":"https:\/\/radiosthubert.com\/en\/wp-json\/wp\/v2\/product\/13620\/revisions"}],"predecessor-version":[{"id":13628,"href":"https:\/\/radiosthubert.com\/en\/wp-json\/wp\/v2\/product\/13620\/revisions\/13628"}],"wp:featuredmedia":[{"embeddable":true,"href":"https:\/\/radiosthubert.com\/en\/wp-json\/wp\/v2\/media\/13621"}],"wp:attachment":[{"href":"https:\/\/radiosthubert.com\/en\/wp-json\/wp\/v2\/media?parent=13620"}],"wp:term":[{"taxonomy":"product_cat","embeddable":true,"href":"https:\/\/radiosthubert.com\/en\/wp-json\/wp\/v2\/product_cat?post=13620"},{"taxonomy":"product_tag","embeddable":true,"href":"https:\/\/radiosthubert.com\/en\/wp-json\/wp\/v2\/product_tag?post=13620"},{"taxonomy":"collections","embeddable":true,"href":"https:\/\/radiosthubert.com\/en\/wp-json\/wp\/v2\/collections?post=13620"}],"curies":[{"name":"wp","href":"https:\/\/api.w.org\/{rel}","templated":true}]}}