{"id":12414,"date":"2024-11-28T16:42:59","date_gmt":"2024-11-28T21:42:59","guid":{"rendered":"https:\/\/radiosthubert.com\/?post_type=product&#038;p=12414"},"modified":"2026-01-06T23:00:17","modified_gmt":"2026-01-07T04:00:17","slug":"monitor-audio-ams-7g-2","status":"publish","type":"product","link":"https:\/\/radiosthubert.com\/en\/product\/monitor-audio-ams-7g-2\/","title":{"rendered":"MONITOR AUDIO SILVER AMS 7G"},"content":{"rendered":"<p>Le tonnerre roule au loin, les gouttes de pluie tombent juste derri\u00e8re vous, un parapluie s&#8217;ouvre au-dessus de votre t\u00eate\u2026 \u00c9coutez-le comme si vous y \u00e9tiez vraiment, gr\u00e2ce au Silver AMS 7G avec son ambiophonique 3D Dolby Atmos\u00ae. Il reprend l&#8217;id\u00e9e du son ambiophonique et ajoute une toute nouvelle dimension, ce qui signifie que le r\u00e9alisateur du film ou de la musique peut choisir le point exact dans l&#8217;espace d&#8217;o\u00f9 il souhaite que vous entendiez un son provenant. Con\u00e7us et dimensionn\u00e9s pour s&#8217;adapter parfaitement \u00e0 vos enceintes Silver 300 7G, les enceintes Silver AMS 7G compatibles Dolby Atmos\u00ae et leurs grilles cr\u00e9ent un \u00e9l\u00e9ment homog\u00e8ne.<\/p>\n<p>&nbsp;<\/p>\n<div class=\"col-md-4 col-sm-6 specBlock matchHeight marBot10\">\n<h6>Conception<\/h6>\n<p>2 voies<\/p>\n<\/div>\n<div class=\"col-md-4 col-sm-6 specBlock matchHeight marBot10\">\n<h6>R\u00e9ponse en fr\u00e9quence, dans la pi\u00e8ce (-6dB)<\/h6>\n<p>76 Hz &#8211; 35 kHz<\/p>\n<\/div>\n<div class=\"col-md-4 col-sm-6 specBlock matchHeight marBot10\">\n<h6>Rendement (2.83v @ 1m)<\/h6>\n<p>87 dB<\/p>\n<\/div>\n<div class=\"col-md-4 col-sm-6 specBlock matchHeight marBot10\">\n<h6>Imp\u00e9dance nominale<\/h6>\n<p>8 Ohms<\/p>\n<\/div>\n<div class=\"col-md-4 col-sm-6 specBlock matchHeight marBot10\">\n<h6>Imp\u00e9dance Minimale<\/h6>\n<p>4.0 Ohms @ 230 Hz<\/p>\n<\/div>\n<div class=\"col-md-4 col-sm-6 specBlock matchHeight marBot10\">\n<h6>Maximum SPL (single, free-field)<\/h6>\n<p>102 dB<\/p>\n<\/div>\n<div class=\"col-md-4 col-sm-6 specBlock matchHeight marBot10\">\n<h6>Puissance recommand\u00e9e (RMS)<\/h6>\n<p>60 W<\/p>\n<\/div>\n<div class=\"col-md-4 col-sm-6 specBlock matchHeight marBot10\">\n<h6>Puissance d\u2019amplification recommand\u00e9e<\/h6>\n<p>30 &#8211; 60 W<\/p>\n<\/div>\n<div class=\"col-md-4 col-sm-6 specBlock matchHeight marBot10\">\n<h6>Fr\u00e9quence de coupure<\/h6>\n<p>2 kHz<\/p>\n<\/div>\n<div class=\"col-md-4 col-sm-6 specBlock matchHeight marBot10\">\n<h6>Fr\u00e9quence de r\u00e9glage de l\u2019\u00e9vent<\/h6>\n<p>N\/A<\/p>\n<\/div>\n<div class=\"col-md-4 col-sm-6 specBlock matchHeight marBot10\">\n<h6>Alignement des basses<\/h6>\n<p>Coffret clos<\/p>\n<\/div>\n<div class=\"col-md-4 col-sm-6 specBlock matchHeight marBot10\">\n<h6>Transducteurs<\/h6>\n<p>1x haut-parleur m\u00e9dium\/grave RST II de 18 cm<br \/>\n1x tweeter \u00e0 d\u00f4me dor\u00e9 C-CAM de 25 mm tweeter avec guide d&#8217;ondes UD<\/p>\n<\/div>\n<div class=\"col-md-4 col-sm-6 specBlock matchHeight marBot10\">\n<h6>Dimensions externes (y compris grille et borniers (H x L x P))<\/h6>\n<p>185 x 185 x 313 mm<\/p>\n<\/div>\n<div class=\"col-md-4 col-sm-6 specBlock matchHeight marBot10\">\n<h6>Dimensions externes (y compris socle, pied et pointes (H x L x P))<\/h6>\n<p>N\/A<\/p>\n<\/div>\n<div class=\"col-md-4 col-sm-6 specBlock matchHeight marBot10\">\n<h6>Poids \u00e0 l\u2019unit\u00e9<\/h6>\n<p>4.0 kg<\/p>\n<\/div>\n<div class=\"col-md-4 col-sm-6 specBlock matchHeight marBot10\">\n<h6>Vente<\/h6>\n<p>Paire<\/p>\n<\/div>\n","protected":false},"excerpt":{"rendered":"<p>Le tonnerre roule au loin, les gouttes de pluie tombent juste derri\u00e8re vous, un parapluie s&#8217;ouvre au-dessus de votre t\u00eate\u2026 \u00c9coutez-le comme si vous y \u00e9tiez vraiment, gr\u00e2ce au Silver AMS 7G avec son ambiophonique 3D Dolby Atmos\u00ae. Il reprend l&#8217;id\u00e9e du son ambiophonique et ajoute une toute nouvelle dimension, ce qui signifie que le [&hellip;]<\/p>\n","protected":false},"featured_media":12406,"template":"","meta":{"inline_featured_image":false,"_jet_sm_ready_style":"","_jet_sm_style":"","_jet_sm_controls_values":"","_jet_sm_fonts_collection":"","_jet_sm_fonts_links":""},"product_cat":[214],"product_tag":[],"collections":[85],"acf":[],"_links":{"self":[{"href":"https:\/\/radiosthubert.com\/en\/wp-json\/wp\/v2\/product\/12414"}],"collection":[{"href":"https:\/\/radiosthubert.com\/en\/wp-json\/wp\/v2\/product"}],"about":[{"href":"https:\/\/radiosthubert.com\/en\/wp-json\/wp\/v2\/types\/product"}],"version-history":[{"count":2,"href":"https:\/\/radiosthubert.com\/en\/wp-json\/wp\/v2\/product\/12414\/revisions"}],"predecessor-version":[{"id":12419,"href":"https:\/\/radiosthubert.com\/en\/wp-json\/wp\/v2\/product\/12414\/revisions\/12419"}],"wp:featuredmedia":[{"embeddable":true,"href":"https:\/\/radiosthubert.com\/en\/wp-json\/wp\/v2\/media\/12406"}],"wp:attachment":[{"href":"https:\/\/radiosthubert.com\/en\/wp-json\/wp\/v2\/media?parent=12414"}],"wp:term":[{"taxonomy":"product_cat","embeddable":true,"href":"https:\/\/radiosthubert.com\/en\/wp-json\/wp\/v2\/product_cat?post=12414"},{"taxonomy":"product_tag","embeddable":true,"href":"https:\/\/radiosthubert.com\/en\/wp-json\/wp\/v2\/product_tag?post=12414"},{"taxonomy":"collections","embeddable":true,"href":"https:\/\/radiosthubert.com\/en\/wp-json\/wp\/v2\/collections?post=12414"}],"curies":[{"name":"wp","href":"https:\/\/api.w.org\/{rel}","templated":true}]}}